{"id":946,"date":"2014-11-11T11:09:47","date_gmt":"2014-11-11T11:09:47","guid":{"rendered":"http:\/\/anpsthemes.com\/constructo\/?page_id=5"},"modified":"2021-02-08T06:43:24","modified_gmt":"2021-02-08T06:43:24","slug":"home","status":"publish","type":"page","link":"https:\/\/www.geniecivil23.com\/fr\/","title":{"rendered":"Accueil"},"content":{"rendered":"<div class=\"wpb-content-wrapper\"><div data-vc-full-width=\"true\" data-vc-full-width-init=\"false\" data-vc-stretch-content=\"true\" class=\"vc_row wpb_row vc_row-fluid vc_custom_1496645953969 vc_row-no-padding\"><div class=\"wpb_column vc_column_container vc_col-sm-12 vc_hidden-xs\"><div class=\"vc_column-inner\"><div class=\"wpb_wrapper\"><div class=\"wpb_revslider_element wpb_content_element\">\n\t\t\t<!-- START Slider 2 REVOLUTION SLIDER 6.1.6 --><p class=\"rs-p-wp-fix\"><\/p>\n\t\t\t<rs-module-wrap id=\"rev_slider_1_1_wrapper\" data-source=\"gallery\" style=\"background:transparent;padding:0;margin:0px auto;margin-top:0;margin-bottom:0;max-width:\">\n\t\t\t\t<rs-module id=\"rev_slider_1_1\" style=\"display:none;\" data-version=\"6.1.6\">\n\t\t\t\t\t<rs-slides>\n\t\t\t\t\t\t<rs-slide data-key=\"rs-1\" data-title=\"Slide\" data-anim=\"ei:d;eo:d;s:600;r:0;t:fade;sl:d;\">\n\t\t\t\t\t\t\t<img decoding=\"async\" src=\"\/\/localhost:8888\/gc23_ltd\/public_html\/wp-content\/uploads\/2017\/06\/bigupdateslider4.jpg\" title=\"Accueil\" data-parallax=\"off\" class=\"rev-slidebg\" data-no-retina>\n<!--\n\t\t\t\t\t\t\t--><rs-layer\n\t\t\t\t\t\t\t\tid=\"slider-1-slide-1-layer-1\" \n\t\t\t\t\t\t\t\tclass=\"rs-pxl-15\"\n\t\t\t\t\t\t\t\tdata-type=\"text\"\n\t\t\t\t\t\t\t\tdata-color=\"#ffffff||rgba(255, 255, 255, 1)||rgba(255, 255, 255, 1)||rgba(255, 255, 255, 1)\"\n\t\t\t\t\t\t\t\tdata-rsp_ch=\"on\"\n\t\t\t\t\t\t\t\tdata-xy=\"x:c;xo:1px,0,3px,8px;y:m,t,m,m;yo:154px,197px,-142px,-18px;\"\n\t\t\t\t\t\t\t\tdata-text=\"w:normal;s:87,70,50,40;l:75,22,50,50;fw:700;a:center;\"\n\t\t\t\t\t\t\t\tdata-dim=\"w:1017px,390px,390px,auto;h:420px,55px,55px,auto;\"\n\t\t\t\t\t\t\t\tdata-frame_0=\"tp:600;\"\n\t\t\t\t\t\t\t\tdata-frame_1=\"tp:600;e:Power2.easeInOut;st:270;sR:270;\"\n\t\t\t\t\t\t\t\tdata-frame_1_words=\"d:10;\"\n\t\t\t\t\t\t\t\tdata-frame_999=\"o:0;tp:600;e:nothing;st:w;sR:7830;\"\n\t\t\t\t\t\t\t\tstyle=\"z-index:5;font-family:Roboto Condensed;\"\n\t\t\t\t\t\t\t>The company you can rely on \n\t\t\t\t\t\t\t<\/rs-layer><!--\n\n\t\t\t\t\t\t\t--><rs-layer\n\t\t\t\t\t\t\t\tid=\"slider-1-slide-1-layer-3\" \n\t\t\t\t\t\t\t\tclass=\"rs-layer-video\"\n\t\t\t\t\t\t\t\tdata-type=\"video\"\n\t\t\t\t\t\t\t\tdata-rsp_ch=\"on\"\n\t\t\t\t\t\t\t\tdata-xy=\"xo:-525px,-525px,-358px,-230px;yo:1px,1px,0,-30px;\"\n\t\t\t\t\t\t\t\tdata-text=\"w:normal;s:20,20,13,8;l:0,0,17,10;\"\n\t\t\t\t\t\t\t\tdata-dim=\"w:2418px,2418px,1650px,1017px;h:1360px,1360px,928px,572px;\"\n\t\t\t\t\t\t\t\tdata-btrans=\"o:0.8;\"\n\t\t\t\t\t\t\t\tdata-video=\"vd:100;end:00:10;l:true;ptimer:false;nse:f;\"\n\t\t\t\t\t\t\t\tdata-ytid=\"ET1bu_5jB7k\"\n\t\t\t\t\t\t\t\tdata-vatr=\"version=3&amp;enablejsapi=1&amp;html5=1&amp;hd=1&amp;wmode=opaque&amp;showinfo=0&amp;rel=0&amp;end=10&amp;origin=https:\/\/www.geniecivil23.com;\"\n\t\t\t\t\t\t\t\tdata-frame_1=\"st:2020;sp:3020;sR:2020;\"\n\t\t\t\t\t\t\t\tdata-frame_999=\"o:0;st:w;sR:3960;\"\n\t\t\t\t\t\t\t\tstyle=\"z-index:10;\"\n\t\t\t\t\t\t\t>\n\t\t\t\t\t\t\t<\/rs-layer><!--\n\n\t\t\t\t\t\t\t--><rs-layer\n\t\t\t\t\t\t\t\tid=\"slider-1-slide-1-layer-4\" \n\t\t\t\t\t\t\t\tdata-type=\"shape\"\n\t\t\t\t\t\t\t\tdata-rsp_ch=\"on\"\n\t\t\t\t\t\t\t\tdata-xy=\"xo:-556px,-556px,-379px,-233px;yo:-199px,-199px,-135px,-83px;\"\n\t\t\t\t\t\t\t\tdata-text=\"w:normal;s:20,20,13,8;l:0,0,17,10;\"\n\t\t\t\t\t\t\t\tdata-dim=\"w:2738,2738,1868,1152;h:1642,1642,1120,691;\"\n\t\t\t\t\t\t\t\tdata-frame_999=\"o:0;st:w;sR:8700;\"\n\t\t\t\t\t\t\t\tstyle=\"z-index:9;background-color:#000000;\"\n\t\t\t\t\t\t\t> \n\t\t\t\t\t\t\t<\/rs-layer><!--\n\n\t\t\t\t\t\t\t--><rs-layer\n\t\t\t\t\t\t\t\tid=\"slider-1-slide-1-layer-5\" \n\t\t\t\t\t\t\t\tdata-type=\"image\"\n\t\t\t\t\t\t\t\tdata-rsp_ch=\"on\"\n\t\t\t\t\t\t\t\tdata-xy=\"x:c;y:m;\"\n\t\t\t\t\t\t\t\tdata-text=\"w:normal;s:20,20,13,8;l:0,0,17,10;\"\n\t\t\t\t\t\t\t\tdata-dim=\"w:800px,800px,545px,336px;h:199px,199px,135px,83px;\"\n\t\t\t\t\t\t\t\tdata-frame_1=\"st:610;sR:610;\"\n\t\t\t\t\t\t\t\tdata-frame_999=\"o:1;st:w;sR:8090;\"\n\t\t\t\t\t\t\t\tstyle=\"z-index:11;\"\n\t\t\t\t\t\t\t><img loading=\"lazy\" decoding=\"async\" src=\"\/\/www.geniecivil23.com\/wp-content\/uploads\/2021\/02\/logo-gc-23-1-1.png\" width=\"2480\" height=\"617\" data-no-retina> \n\t\t\t\t\t\t\t<\/rs-layer><!--\n-->\t\t\t\t\t\t<\/rs-slide>\n\t\t\t\t\t<\/rs-slides>\n\t\t\t\t\t<rs-progress class=\"rs-bottom\" style=\"visibility: hidden !important;\"><\/rs-progress>\n\t\t\t\t<\/rs-module>\n\t\t\t\t<script type=\"text\/javascript\">\n\t\t\t\t\tsetREVStartSize({c: 'rev_slider_1_1',rl:[1240,1024,778,480],el:[550,550,400,500],gw:[1140,1140,778,480],gh:[550,550,400,500],type:'standard',justify:'',layout:'fullwidth',mh:\"0\"});\n\t\t\t\t\tvar\trevapi1,\n\t\t\t\t\t\ttpj;\n\t\t\t\t\tjQuery(function() {\n\t\t\t\t\t\ttpj = jQuery;\n\t\t\t\t\t\tif(tpj(\"#rev_slider_1_1\").revolution == undefined){\n\t\t\t\t\t\t\trevslider_showDoubleJqueryError(\"#rev_slider_1_1\");\n\t\t\t\t\t\t}else{\n\t\t\t\t\t\t\trevapi1 = tpj(\"#rev_slider_1_1\").show().revolution({\n\t\t\t\t\t\t\t\tjsFileLocation:\"\/\/www.geniecivil23.com\/wp-content\/plugins\/revslider\/public\/assets\/js\/\",\n\t\t\t\t\t\t\t\tvisibilityLevels:\"1240,1024,778,480\",\n\t\t\t\t\t\t\t\tgridwidth:\"1140,1140,778,480\",\n\t\t\t\t\t\t\t\tgridheight:\"550,550,400,500\",\n\t\t\t\t\t\t\t\tspinner:\"spinner0\",\n\t\t\t\t\t\t\t\teditorheight:\"550,550,400,500\",\n\t\t\t\t\t\t\t\tresponsiveLevels:\"1240,1024,778,480\",\n\t\t\t\t\t\t\t\tdisableProgressBar:\"on\",\n\t\t\t\t\t\t\t\tnavigation: {\n\t\t\t\t\t\t\t\t\tonHoverStop:false\n\t\t\t\t\t\t\t\t},\n\t\t\t\t\t\t\t\tparallax: {\n\t\t\t\t\t\t\t\t\tlevels:[5,10,15,20,25,30,35,40,45,46,47,48,49,50,51,55],\n\t\t\t\t\t\t\t\t\ttype:\"scroll\",\n\t\t\t\t\t\t\t\t\tdisable_onmobile:true\n\t\t\t\t\t\t\t\t},\n\t\t\t\t\t\t\t\tscrolleffect: {\n\t\t\t\t\t\t\t\t\tset:true,\n\t\t\t\t\t\t\t\t\tblur:true,\n\t\t\t\t\t\t\t\t\tmaxblur:100,\n\t\t\t\t\t\t\t\t\tmultiplicator_layers:1.3\n\t\t\t\t\t\t\t\t},\n\t\t\t\t\t\t\t\tfallbacks: {\n\t\t\t\t\t\t\t\t\tignoreHeightChanges:\"\",\n\t\t\t\t\t\t\t\t\tallowHTML5AutoPlayOnAndroid:true\n\t\t\t\t\t\t\t\t},\n\t\t\t\t\t\t\t});\n\t\t\t\t\t\t}\n\t\t\t\t\t\t\n\t\t\t\t\t});\n\t\t\t\t<\/script>\n\t\t\t<\/rs-module-wrap>\n\t\t\t<!-- END REVOLUTION SLIDER -->\n\t\t\t<div style=\"clear:both;display:block;width:100%;height:0px\"><\/div><\/div><div class=\"vc_row wpb_row vc_inner vc_row-fluid vc_custom_1612414243768 vc_row-o-equal-height vc_row-o-content-top vc_row-flex\"><div class=\"wpb_column vc_column_container vc_col-sm-12\"><div class=\"vc_column-inner\"><div class=\"wpb_wrapper\"><h1 class='heading-middle  style-1' ><span> 'L'entreprise fiable'<\/span><\/h1>\n\t<div class=\"wpb_text_column wpb_content_element vc_custom_1612414565879\" >\n\t\t<div class=\"wpb_wrapper\">\n\t\t\t<div class=\"page\" title=\"Page 1\">\n<div class=\"section\" style=\"text-align: center;\">\n<div class=\"layoutArea\">\n<div class=\"column\">\n<h2>G.C Vingt-trois Ltd est une compagnie dynamique qui r\u00e9unit des ann\u00e9es d'expertise en g\u00e9nie civil et une sp\u00e9cialisation en \u2018 Micro-trenching\u2019, ayant plus de 300KM d\u00e9j\u00e0 recett\u00e9s \u00e0 sont actifs. En innovant dans des machines et mat\u00e9riaux ad\u00e9quats, nos \u00e9quipes qualifi\u00e9es et motiv\u00e9es, mettent tout en \u0153uvre pour satisfaire nos clients en r\u00e9alisant des services de hautes qualit\u00e9s et en optimisant les d\u00e9lais de chantiers.<\/h2>\n<\/div>\n<\/div>\n<\/div>\n<\/div>\n\n\t\t<\/div>\n\t<\/div>\n<h1 class='heading-left  style-1' ><span>Le savoir-faire \u2018 Micro-trenching\u2019 :<\/span><\/h1>\n\t<div class=\"wpb_text_column wpb_content_element\" >\n\t\t<div class=\"wpb_wrapper\">\n\t\t\t<p>La technique de \u2018Micro- trenching\u2019 est une alternative \u00e0 faible impact \u00e9conomique et \u00e9cologique comparativement aux m\u00e9thodes traditionnelles d'installation de r\u00e9seaux souterrains. \u00c0 l'aide d'une micro-trancheuse peu encombrante de minces tranch\u00e9es sont creus\u00e9es \u00e0 la profondeur requise par des op\u00e9rateurs qualifi\u00e9s permettant une installation rapide des fourreaux et c\u00e2bles.<\/p>\n\n\t\t<\/div>\n\t<\/div>\n<h1 class='heading-left  style-1' ><span>Pourquoi avons-nous chang\u00e9 pour le \u2018Micro-trenching\u2019?<\/span><\/h1>\n\t<div class=\"wpb_text_column wpb_content_element\" >\n\t\t<div class=\"wpb_wrapper\">\n\t\t\t<p>Le co\u00fbt exorbitant engendr\u00e9 par les excavateurs (n\u00e9cessitant les fermetures de route), la r\u00e9fection compl\u00e8te de la route, les couts associ\u00e9s \u00e0 l\u2019\u00e9vacuation des d\u00e9blais du chantier, la dur\u00e9e des travaux (les retards dus aux conditions m\u00e9t\u00e9orologiques ou aux multiples probl\u00e8mes caus\u00e9s au voisinage) sont des probl\u00e8mes courants associ\u00e9s aux excavations de tranch\u00e9es conventionnelles.<\/p>\n<p>Le \u2019Micro-trenching\u2019 est une solution qui est applicable \u00e0 tous les types de sols (asphalte, b\u00e9ton, roches, terre) est un proc\u00e9d\u00e9  \u00e9conomique et plus respectueux pour l'environnement.<\/p>\n<p>Elle amalgame des avantages tel que<\/p>\n<ul>\n<li>Moins de perturbation sur  la communaut\u00e9 environnante.<\/li>\n<li>Une mobilisation minimale et plus rapide sur le site.<\/li>\n<li>Un impact mineur sur les infrastructures existantes qui facilite l\u2019obtention des diff\u00e9rents permis<\/li>\n<li>Tr\u00e8s faible quantit\u00e9s de d\u00e9blais \u00e0 \u00e9vacuer.<\/li>\n<li>D\u00e9lais plus courts<\/li>\n<\/ul>\n<h2>Avantages financiers :<\/h2>\n<ul>\n<li>Moins de main-d\u2019\u0153uvre<\/li>\n<li>Moins de mat\u00e9riaux<\/li>\n<li>Pas de frais dues au r\u00e9alignement des services existants<\/li>\n<\/ul>\n<p>&nbsp;<\/p>\n<h2 style=\"text-align: center;\"><strong>\u00a0L\u2019utilisation de cette technologie est  5 fois moins ch\u00e8re et 10 fois plus rapide qu\u2019une m\u00e9thode conventionnelle.<\/strong><\/h2>\n\n\t\t<\/div>\n\t<\/div>\n<\/div><\/div><\/div><\/div><\/div><\/div><\/div><\/div><div class=\"vc_row-full-width vc_clearfix\"><\/div><div data-vc-full-width=\"true\" data-vc-full-width-init=\"false\" class=\"vc_row wpb_row vc_row-fluid vc_custom_1496746654945 vc_row-has-fill\"><div class=\"wpb_column vc_column_container vc_col-sm-12\"><div class=\"vc_column-inner\"><div class=\"wpb_wrapper\"><h2 class='heading-middle  divider-sm' ><span>NOS CLIENTS<\/span><\/h2><div class=\"vc_empty_space\"   style=\"height: 20px\"><span class=\"vc_empty_space_inner\"><\/span><\/div><div class='logos logos--style-5'><div class=\"owl-carousel\" data-margin=\"6\" data-col=\"5\" data-nav=\"true\" data-num-logos=\"8\"><div class='logos__item' style=\"background-color: #ffffff; \"><div class='logos__wrap'><img class='logos__image' src='https:\/\/www.geniecivil23.com\/wp-content\/uploads\/2021\/02\/Emtel-logo.png' alt=''><\/div><\/div><div class='logos__item' style=\"background-color: #ffffff; \"><div class='logos__wrap'><img class='logos__image' src='https:\/\/www.geniecivil23.com\/wp-content\/uploads\/2021\/02\/Alteo.png' alt=''><\/div><\/div><div class='logos__item' style=\"background-color: #ffffff; \"><div class='logos__wrap'><img class='logos__image' src='https:\/\/www.geniecivil23.com\/wp-content\/uploads\/2021\/02\/Transinvest-Logo.png' alt=''><\/div><\/div><div class='logos__item' style=\"background-color: #ffffff; \"><div class='logos__wrap'><img class='logos__image' src='https:\/\/www.geniecivil23.com\/wp-content\/uploads\/2020\/02\/SINDORO.png' alt=''><\/div><\/div><div class='logos__item' style=\"background-color: #ffffff; \"><div class='logos__wrap'><img class='logos__image' src='https:\/\/www.geniecivil23.com\/wp-content\/uploads\/2020\/02\/RG-1.png' alt=''><\/div><\/div><div class='logos__item' style=\"background-color: #ffffff; \"><div class='logos__wrap'><img class='logos__image' src='https:\/\/www.geniecivil23.com\/wp-content\/uploads\/2020\/02\/CC-1.png' alt=''><\/div><\/div><div class='logos__item' style=\"background-color: #ffffff; \"><div class='logos__wrap'><img class='logos__image' src='https:\/\/www.geniecivil23.com\/wp-content\/uploads\/2020\/09\/TERRA-1x.png' alt=''><\/div><\/div><div class='logos__item' style=\"background-color: #ffffff; \"><div class='logos__wrap'><img class='logos__image' src='https:\/\/www.geniecivil23.com\/wp-content\/uploads\/2021\/02\/Rogers-Capital-New-Logo-w-Tagline-Blue-01.png' alt=''><\/div><\/div><\/div><\/div><\/div><\/div><\/div><\/div><div class=\"vc_row-full-width vc_clearfix\"><\/div>\n<\/div>","protected":false},"excerpt":{"rendered":"The company you can rely on ' The company you can rely on ' G.C Vingt trois Ltd is a dynamic company which combines years of expertise in civil engineering and specialization in micro-trenching, with now +300km completed trench works....","protected":false},"author":1,"featured_media":0,"parent":0,"menu_order":0,"comment_status":"open","ping_status":"open","template":"","meta":{"footnotes":""},"class_list":["post-946","page","type-page","status-publish","hentry"],"_links":{"self":[{"href":"https:\/\/www.geniecivil23.com\/fr\/wp-json\/wp\/v2\/pages\/946","targetHints":{"allow":["GET"]}}],"collection":[{"href":"https:\/\/www.geniecivil23.com\/fr\/wp-json\/wp\/v2\/pages"}],"about":[{"href":"https:\/\/www.geniecivil23.com\/fr\/wp-json\/wp\/v2\/types\/page"}],"author":[{"embeddable":true,"href":"https:\/\/www.geniecivil23.com\/fr\/wp-json\/wp\/v2\/users\/1"}],"replies":[{"embeddable":true,"href":"https:\/\/www.geniecivil23.com\/fr\/wp-json\/wp\/v2\/comments?post=946"}],"version-history":[{"count":110,"href":"https:\/\/www.geniecivil23.com\/fr\/wp-json\/wp\/v2\/pages\/946\/revisions"}],"predecessor-version":[{"id":1220,"href":"https:\/\/www.geniecivil23.com\/fr\/wp-json\/wp\/v2\/pages\/946\/revisions\/1220"}],"wp:attachment":[{"href":"https:\/\/www.geniecivil23.com\/fr\/wp-json\/wp\/v2\/media?parent=946"}],"curies":[{"name":"wp","href":"https:\/\/api.w.org\/{rel}","templated":true}]}}