{"id":945,"date":"2014-11-11T11:12:55","date_gmt":"2014-11-11T11:12:55","guid":{"rendered":"http:\/\/anpsthemes.com\/constructo\/?page_id=7"},"modified":"2021-06-17T11:43:25","modified_gmt":"2021-06-17T11:43:25","slug":"projects","status":"publish","type":"page","link":"https:\/\/www.geniecivil23.com\/fr\/projects\/","title":{"rendered":"Projets"},"content":{"rendered":"<div class=\"wpb-content-wrapper\"><div class=\"vc_row wpb_row vc_row-fluid\"><div class=\"wpb_column vc_column_container vc_col-sm-12\"><div class=\"vc_column-inner\"><div class=\"wpb_wrapper\"><div class=\"vc_empty_space\"   style=\"height: 32px\"><span class=\"vc_empty_space_inner\"><\/span><\/div><\/div><\/div><\/div><\/div><div class=\"vc_row wpb_row vc_row-fluid vc_custom_1587200635219\"><div class=\"wpb_column vc_column_container vc_col-sm-3 vc_col-has-fill\"><div class=\"vc_column-inner vc_custom_1610630502712\"><div class=\"wpb_wrapper\"><h3 class='heading-middle  style-1' ><span>Soufflage de C\u00e2bles<\/span><\/h3><h1 class='heading-middle  style-1' ><span>&gt;2000 Km<\/span><\/h1><\/div><\/div><\/div><div class=\"wpb_column vc_column_container vc_col-sm-3 vc_col-has-fill\"><div class=\"vc_column-inner vc_custom_1610630484889\"><div class=\"wpb_wrapper\"><h3 class='heading-middle  style-1' ><span>Micro Tranch\u00e9es<\/span><\/h3><h1 class='heading-middle  style-1' ><span>&gt;300 km<\/span><\/h1><\/div><\/div><\/div><div class=\"wpb_column vc_column_container vc_col-sm-3 vc_col-has-fill\"><div class=\"vc_column-inner vc_custom_1610630493374\"><div class=\"wpb_wrapper\"><h3 class='heading-middle  style-1' ><span>Maintenance de la fibre<\/span><\/h3><h1 class='heading-middle  style-1' ><span>&gt;7Years Exp.<\/span><\/h1><\/div><\/div><\/div><div class=\"wpb_column vc_column_container vc_col-sm-3\"><div class=\"vc_column-inner\"><div class=\"wpb_wrapper\"><h3 class='heading-middle  style-1' ><span>Connection de sites<\/span><\/h3><h1 class='heading-middle  style-1' ><span>&gt;500<\/span><\/h1><\/div><\/div><\/div><\/div><div class=\"vc_row wpb_row vc_row-fluid\"><div class=\"wpb_column vc_column_container vc_col-sm-12\"><div class=\"vc_column-inner\"><div class=\"wpb_wrapper\"><div class=\"vc_empty_space\"   style=\"height: 32px\"><span class=\"vc_empty_space_inner\"><\/span><\/div><\/div><\/div><\/div><\/div><div class=\"vc_row wpb_row vc_row-fluid\"><div class=\"wpb_column vc_column_container vc_col-sm-12\"><div class=\"vc_column-inner\"><div class=\"wpb_wrapper\"><h1 class='heading-middle  style-1' ><span>Major Projects<\/span><\/h1><\/div><\/div><\/div><\/div><div class=\"vc_row wpb_row vc_row-fluid\"><div class=\"wpb_column vc_column_container vc_col-sm-12\"><div class=\"vc_column-inner\"><div class=\"wpb_wrapper\">\n\t<div  class=\"wpb_single_image wpb_content_element vc_align_center wpb_content_element\">\n\t\t\n\t\t<figure class=\"wpb_wrapper vc_figure\">\n\t\t\t<div class=\"vc_single_image-wrapper   vc_box_border_grey\"><img loading=\"lazy\" decoding=\"async\" width=\"967\" height=\"967\" src=\"https:\/\/www.geniecivil23.com\/wp-content\/uploads\/2021\/02\/http___pluspng.com_img-png_mauritius-png-regular-flights-operate-to-all-major-european-and-african-cities-mauritius-is-in-a-convenient-time-zone-gmt-3-1000-1024x1024.png\" class=\"vc_single_image-img attachment-large\" alt=\"\" title=\"http___pluspng.com_img-png_mauritius-png-regular-flights-operate-to-all-major-european-and-african-cities-mauritius-is-in-a-convenient-time-zone-gmt-3-1000\" srcset=\"https:\/\/www.geniecivil23.com\/wp-content\/uploads\/2021\/02\/http___pluspng.com_img-png_mauritius-png-regular-flights-operate-to-all-major-european-and-african-cities-mauritius-is-in-a-convenient-time-zone-gmt-3-1000-1024x1024.png 1024w, https:\/\/www.geniecivil23.com\/wp-content\/uploads\/2021\/02\/http___pluspng.com_img-png_mauritius-png-regular-flights-operate-to-all-major-european-and-african-cities-mauritius-is-in-a-convenient-time-zone-gmt-3-1000-300x300.png 300w, https:\/\/www.geniecivil23.com\/wp-content\/uploads\/2021\/02\/http___pluspng.com_img-png_mauritius-png-regular-flights-operate-to-all-major-european-and-african-cities-mauritius-is-in-a-convenient-time-zone-gmt-3-1000-150x150.png 150w, https:\/\/www.geniecivil23.com\/wp-content\/uploads\/2021\/02\/http___pluspng.com_img-png_mauritius-png-regular-flights-operate-to-all-major-european-and-african-cities-mauritius-is-in-a-convenient-time-zone-gmt-3-1000-768x768.png 768w, https:\/\/www.geniecivil23.com\/wp-content\/uploads\/2021\/02\/http___pluspng.com_img-png_mauritius-png-regular-flights-operate-to-all-major-european-and-african-cities-mauritius-is-in-a-convenient-time-zone-gmt-3-1000-12x12.png 12w, https:\/\/www.geniecivil23.com\/wp-content\/uploads\/2021\/02\/http___pluspng.com_img-png_mauritius-png-regular-flights-operate-to-all-major-european-and-african-cities-mauritius-is-in-a-convenient-time-zone-gmt-3-1000-360x360.png 360w, https:\/\/www.geniecivil23.com\/wp-content\/uploads\/2021\/02\/http___pluspng.com_img-png_mauritius-png-regular-flights-operate-to-all-major-european-and-african-cities-mauritius-is-in-a-convenient-time-zone-gmt-3-1000-600x600.png 600w, https:\/\/www.geniecivil23.com\/wp-content\/uploads\/2021\/02\/http___pluspng.com_img-png_mauritius-png-regular-flights-operate-to-all-major-european-and-african-cities-mauritius-is-in-a-convenient-time-zone-gmt-3-1000-100x100.png 100w, https:\/\/www.geniecivil23.com\/wp-content\/uploads\/2021\/02\/http___pluspng.com_img-png_mauritius-png-regular-flights-operate-to-all-major-european-and-african-cities-mauritius-is-in-a-convenient-time-zone-gmt-3-1000.png 1150w\" sizes=\"auto, (max-width: 967px) 100vw, 967px\" \/><\/div>\n\t\t<\/figure>\n\t<\/div>\n<div class=\"vc_row wpb_row vc_inner vc_row-fluid\"><div class=\"wpb_column vc_column_container vc_col-sm-4\"><div class=\"vc_column-inner\"><div class=\"wpb_wrapper\">\n\t<div  class=\"wpb_single_image wpb_content_element vc_align_center wpb_content_element\">\n\t\t\n\t\t<figure class=\"wpb_wrapper vc_figure\">\n\t\t\t<div class=\"vc_single_image-wrapper   vc_box_border_grey\"><img loading=\"lazy\" decoding=\"async\" width=\"150\" height=\"150\" src=\"https:\/\/www.geniecivil23.com\/wp-content\/uploads\/2021\/05\/2009-150x150.png\" class=\"vc_single_image-img attachment-thumbnail\" alt=\"\" title=\"2009\" srcset=\"https:\/\/www.geniecivil23.com\/wp-content\/uploads\/2021\/05\/2009-150x150.png 150w, https:\/\/www.geniecivil23.com\/wp-content\/uploads\/2021\/05\/2009-13x12.png 13w, https:\/\/www.geniecivil23.com\/wp-content\/uploads\/2021\/05\/2009-300x300.png 300w, https:\/\/www.geniecivil23.com\/wp-content\/uploads\/2021\/05\/2009-100x100.png 100w\" sizes=\"auto, (max-width: 150px) 100vw, 150px\" \/><\/div>\n\t\t<\/figure>\n\t<\/div>\n<h1 class='heading-middle  style-1' ><span>2009<\/span><\/h1>\n\t<div class=\"wpb_text_column wpb_content_element\" >\n\t\t<div class=\"wpb_wrapper\">\n\t\t\t<ul>\n<li>'Backbone' de la fibre optique du client Emtel<\/li>\n<li>Services (IRS Club Med Albion)<\/li>\n<li>R\u00e9seau d'eau pour le secteur priv\u00e9 (Morcellement Rey)<\/li>\n<li>R\u00e9seau d'eau pour le secteur public - Central Water Authority (Mont Balnche-Sans Souci)<\/li>\n<\/ul>\n\n\t\t<\/div>\n\t<\/div>\n<\/div><\/div><\/div><div class=\"wpb_column vc_column_container vc_col-sm-4\"><div class=\"vc_column-inner\"><div class=\"wpb_wrapper\">\n\t<div  class=\"wpb_single_image wpb_content_element vc_align_center wpb_content_element\">\n\t\t\n\t\t<figure class=\"wpb_wrapper vc_figure\">\n\t\t\t<div class=\"vc_single_image-wrapper   vc_box_border_grey\"><img loading=\"lazy\" decoding=\"async\" width=\"150\" height=\"150\" src=\"https:\/\/www.geniecivil23.com\/wp-content\/uploads\/2021\/05\/2010-150x150.png\" class=\"vc_single_image-img attachment-thumbnail\" alt=\"\" title=\"2010\" srcset=\"https:\/\/www.geniecivil23.com\/wp-content\/uploads\/2021\/05\/2010-150x150.png 150w, https:\/\/www.geniecivil23.com\/wp-content\/uploads\/2021\/05\/2010-13x12.png 13w, https:\/\/www.geniecivil23.com\/wp-content\/uploads\/2021\/05\/2010-300x300.png 300w, https:\/\/www.geniecivil23.com\/wp-content\/uploads\/2021\/05\/2010-100x100.png 100w\" sizes=\"auto, (max-width: 150px) 100vw, 150px\" \/><\/div>\n\t\t<\/figure>\n\t<\/div>\n<h1 class='heading-middle  style-1' ><span>2010<\/span><\/h1>\n\t<div class=\"wpb_text_column wpb_content_element\" >\n\t\t<div class=\"wpb_wrapper\">\n\t\t\t<ul>\n<li><b>Mise en place d'un r\u00e9seau de services publics pour les contrats ci-dessous :<\/b><\/li>\n<li><i>Morc<\/i><i>. Piton<\/i><\/li>\n<li><i>Morc<\/i><i>. ENL St Pierre<\/i><\/li>\n<li><i>Phoenix \u2013Beaux <\/i><i>Songes<\/i><\/li>\n<\/ul>\n\n\t\t<\/div>\n\t<\/div>\n<\/div><\/div><\/div><div class=\"wpb_column vc_column_container vc_col-sm-4\"><div class=\"vc_column-inner\"><div class=\"wpb_wrapper\">\n\t<div  class=\"wpb_single_image wpb_content_element vc_align_center wpb_content_element\">\n\t\t\n\t\t<figure class=\"wpb_wrapper vc_figure\">\n\t\t\t<div class=\"vc_single_image-wrapper   vc_box_border_grey\"><img loading=\"lazy\" decoding=\"async\" width=\"150\" height=\"150\" src=\"https:\/\/www.geniecivil23.com\/wp-content\/uploads\/2021\/05\/2011-150x150.png\" class=\"vc_single_image-img attachment-thumbnail\" alt=\"\" title=\"2011\" srcset=\"https:\/\/www.geniecivil23.com\/wp-content\/uploads\/2021\/05\/2011-150x150.png 150w, https:\/\/www.geniecivil23.com\/wp-content\/uploads\/2021\/05\/2011-13x12.png 13w, https:\/\/www.geniecivil23.com\/wp-content\/uploads\/2021\/05\/2011-300x300.png 300w, https:\/\/www.geniecivil23.com\/wp-content\/uploads\/2021\/05\/2011-100x100.png 100w\" sizes=\"auto, (max-width: 150px) 100vw, 150px\" \/><\/div>\n\t\t<\/figure>\n\t<\/div>\n<h1 class='heading-middle  style-1' ><span>2011<\/span><\/h1>\n\t<div class=\"wpb_text_column wpb_content_element\" >\n\t\t<div class=\"wpb_wrapper\">\n\t\t\t<ul>\n<li><b>Mise en place d'un r\u00e9seau de services publics pour les contrats ci-dessous :<\/b><\/li>\n<li><i>Motorway M1, M2,M3<\/i><\/li>\n<li><i>Pailles<\/i><i> Ring Road<\/i><\/li>\n<li><i>Schoenfield<\/i><i> classified Road Bypass<\/i><\/li>\n<li><i>Air port of Mauritius<\/i><\/li>\n<li><i>Trianon<\/i><i> Verdun Link Road<\/i><\/li>\n<\/ul>\n\n\t\t<\/div>\n\t<\/div>\n<\/div><\/div><\/div><\/div><div class=\"vc_row wpb_row vc_inner vc_row-fluid vc_custom_1610631938042\"><div class=\"wpb_column vc_column_container vc_col-sm-4\"><div class=\"vc_column-inner\"><div class=\"wpb_wrapper\">\n\t<div  class=\"wpb_single_image wpb_content_element vc_align_center wpb_content_element\">\n\t\t\n\t\t<figure class=\"wpb_wrapper vc_figure\">\n\t\t\t<div class=\"vc_single_image-wrapper   vc_box_border_grey\"><img loading=\"lazy\" decoding=\"async\" width=\"150\" height=\"150\" src=\"https:\/\/www.geniecivil23.com\/wp-content\/uploads\/2021\/05\/2012-150x150.png\" class=\"vc_single_image-img attachment-thumbnail\" alt=\"\" title=\"2012\" srcset=\"https:\/\/www.geniecivil23.com\/wp-content\/uploads\/2021\/05\/2012-150x150.png 150w, https:\/\/www.geniecivil23.com\/wp-content\/uploads\/2021\/05\/2012-13x12.png 13w, https:\/\/www.geniecivil23.com\/wp-content\/uploads\/2021\/05\/2012-300x300.png 300w, https:\/\/www.geniecivil23.com\/wp-content\/uploads\/2021\/05\/2012-100x100.png 100w\" sizes=\"auto, (max-width: 150px) 100vw, 150px\" \/><\/div>\n\t\t<\/figure>\n\t<\/div>\n<h1 class='heading-middle  style-1' ><span>2012<\/span><\/h1>\n\t<div class=\"wpb_text_column wpb_content_element\" >\n\t\t<div class=\"wpb_wrapper\">\n\t\t\t<ul>\n<li><b>Mise en place d'un r\u00e9seau de services publics pour les contrats ci-dessous :<\/b><\/li>\n<li><i>Grand <\/i><i>Baie<\/i><i> La <\/i><i>Croisette<\/i><\/li>\n<li><i>Morcellement<\/i> <i>Leclezio<\/i><i> \u2013 La <\/i><i>Caverne<\/i><\/li>\n<li>Emtel Fiber Optic Network &#8211; Ebene Cybercity<\/li>\n<li>Connection des sites telecoms<\/li>\n<li>Connection des abonn\u00e9s internet<\/li>\n<\/ul>\n\n\t\t<\/div>\n\t<\/div>\n<\/div><\/div><\/div><div class=\"wpb_column vc_column_container vc_col-sm-4\"><div class=\"vc_column-inner\"><div class=\"wpb_wrapper\">\n\t<div  class=\"wpb_single_image wpb_content_element vc_align_center wpb_content_element\">\n\t\t\n\t\t<figure class=\"wpb_wrapper vc_figure\">\n\t\t\t<div class=\"vc_single_image-wrapper   vc_box_border_grey\"><img loading=\"lazy\" decoding=\"async\" width=\"150\" height=\"150\" src=\"https:\/\/www.geniecivil23.com\/wp-content\/uploads\/2021\/05\/2013-150x150.png\" class=\"vc_single_image-img attachment-thumbnail\" alt=\"\" title=\"2013\" srcset=\"https:\/\/www.geniecivil23.com\/wp-content\/uploads\/2021\/05\/2013-150x150.png 150w, https:\/\/www.geniecivil23.com\/wp-content\/uploads\/2021\/05\/2013-13x12.png 13w, https:\/\/www.geniecivil23.com\/wp-content\/uploads\/2021\/05\/2013-300x300.png 300w, https:\/\/www.geniecivil23.com\/wp-content\/uploads\/2021\/05\/2013-100x100.png 100w\" sizes=\"auto, (max-width: 150px) 100vw, 150px\" \/><\/div>\n\t\t<\/figure>\n\t<\/div>\n<h1 class='heading-middle  style-1' ><span>2013<\/span><\/h1>\n\t<div class=\"wpb_text_column wpb_content_element\" >\n\t\t<div class=\"wpb_wrapper\">\n\t\t\t<ul>\n<li><b>Mise en place d'un r\u00e9seau de services publics pour les contrats ci-dessous :<\/b><\/li>\n<li><i>Trianon<\/i><i> Valentina <\/i><\/li>\n<li><i>Clos du Littoral<\/i><\/li>\n<li><i>Upgrade of B33 Road \u2013 Riche Terre \u2013 <\/i><i>Baie<\/i><i> du <\/i><i>Tombeau<\/i><\/li>\n<li><b>Installation fibre optique et maintenance du r\u00e9seau Emtel<\/b> <b>Fiber<\/b><b> Optic Network Maintenance<\/b><\/li>\n<li><b>Travaux routiers - Avenue Tulipe --&gt; M1 <\/b><b>Tulipe<\/b><b> to M1<\/b><\/li>\n<\/ul>\n\n\t\t<\/div>\n\t<\/div>\n<\/div><\/div><\/div><div class=\"wpb_column vc_column_container vc_col-sm-4\"><div class=\"vc_column-inner\"><div class=\"wpb_wrapper\">\n\t<div  class=\"wpb_single_image wpb_content_element vc_align_center wpb_content_element\">\n\t\t\n\t\t<figure class=\"wpb_wrapper vc_figure\">\n\t\t\t<div class=\"vc_single_image-wrapper   vc_box_border_grey\"><img loading=\"lazy\" decoding=\"async\" width=\"150\" height=\"150\" src=\"https:\/\/www.geniecivil23.com\/wp-content\/uploads\/2021\/06\/2014-150x150.jpg\" class=\"vc_single_image-img attachment-thumbnail\" alt=\"\" title=\"Excavator machinery at construction site, sunset in background.\" srcset=\"https:\/\/www.geniecivil23.com\/wp-content\/uploads\/2021\/06\/2014-150x150.jpg 150w, https:\/\/www.geniecivil23.com\/wp-content\/uploads\/2021\/06\/2014-300x300.jpg 300w, https:\/\/www.geniecivil23.com\/wp-content\/uploads\/2021\/06\/2014-100x100.jpg 100w\" sizes=\"auto, (max-width: 150px) 100vw, 150px\" \/><\/div>\n\t\t<\/figure>\n\t<\/div>\n<h1 class='heading-middle  style-1' ><span>2014<\/span><\/h1>\n\t<div class=\"wpb_text_column wpb_content_element\" >\n\t\t<div class=\"wpb_wrapper\">\n\t\t\t<ul>\n<li><b>Mise en place d'un r\u00e9seau de services publics pour les contrats ci-dessous :<\/b><\/li>\n<li><i>L\u2019Aventure<\/i><i> Road<\/i><\/li>\n<li><i>Upgrade of <\/i><i>Hill Crest<\/i><i> Avenue<\/i><\/li>\n<li><b>Relocalisation du r\u00e9seau d'eau - A\u00e9roport de l'\u00eele Maurice<\/b><\/li>\n<li><b>Infrastructure \u2013 Bagatelle Southern <\/b><b>Precint<\/b><\/li>\n<li><b>R\u00e9seau d'eau potable <\/b><b>Morcellement<\/b><b> La Rosa<\/b><\/li>\n<\/ul>\n\n\t\t<\/div>\n\t<\/div>\n<\/div><\/div><\/div><\/div><div class=\"vc_row wpb_row vc_inner vc_row-fluid vc_custom_1610631931551\"><div class=\"wpb_column vc_column_container vc_col-sm-4\"><div class=\"vc_column-inner\"><div class=\"wpb_wrapper\">\n\t<div  class=\"wpb_single_image wpb_content_element vc_align_center wpb_content_element\">\n\t\t\n\t\t<figure class=\"wpb_wrapper vc_figure\">\n\t\t\t<div class=\"vc_single_image-wrapper   vc_box_border_grey\"><img loading=\"lazy\" decoding=\"async\" width=\"150\" height=\"150\" src=\"https:\/\/www.geniecivil23.com\/wp-content\/uploads\/2021\/05\/2015-150x150.png\" class=\"vc_single_image-img attachment-thumbnail\" alt=\"\" title=\"2015\" srcset=\"https:\/\/www.geniecivil23.com\/wp-content\/uploads\/2021\/05\/2015-150x150.png 150w, https:\/\/www.geniecivil23.com\/wp-content\/uploads\/2021\/05\/2015-13x12.png 13w, https:\/\/www.geniecivil23.com\/wp-content\/uploads\/2021\/05\/2015-300x300.png 300w, https:\/\/www.geniecivil23.com\/wp-content\/uploads\/2021\/05\/2015-100x100.png 100w\" sizes=\"auto, (max-width: 150px) 100vw, 150px\" \/><\/div>\n\t\t<\/figure>\n\t<\/div>\n<h1 class='heading-middle  style-1' ><span>2015<\/span><\/h1>\n\t<div class=\"wpb_text_column wpb_content_element\" >\n\t\t<div class=\"wpb_wrapper\">\n\t\t\t<ul>\n<li><b>Installation fibre optique et maintenance du r\u00e9seau Emtel<\/b> <b>Fiber<\/b><b> Network Infrastructure Upgrade<\/b><\/li>\n<li>Port Louis<\/li>\n<li>Ebene<\/li>\n<li>St Jean<\/li>\n<li>Pailles<\/li>\n<li><b>Installation fibre optique et maintenance du r\u00e9seau Emtel<\/b> <b>Fiber<\/b><b> Optic Network \u2013 Maintenance Contract<\/b><\/li>\n<li><b>Connection des sites telecoms<\/b><\/li>\n<li><b>Connection des abonn\u00e9s internet<\/b><\/li>\n<\/ul>\n\n\t\t<\/div>\n\t<\/div>\n<\/div><\/div><\/div><div class=\"wpb_column vc_column_container vc_col-sm-4\"><div class=\"vc_column-inner\"><div class=\"wpb_wrapper\">\n\t<div  class=\"wpb_single_image wpb_content_element vc_align_center wpb_content_element\">\n\t\t\n\t\t<figure class=\"wpb_wrapper vc_figure\">\n\t\t\t<div class=\"vc_single_image-wrapper   vc_box_border_grey\"><img loading=\"lazy\" decoding=\"async\" width=\"150\" height=\"150\" src=\"https:\/\/www.geniecivil23.com\/wp-content\/uploads\/2021\/05\/2016-150x150.png\" class=\"vc_single_image-img attachment-thumbnail\" alt=\"\" title=\"2016\" srcset=\"https:\/\/www.geniecivil23.com\/wp-content\/uploads\/2021\/05\/2016-150x150.png 150w, https:\/\/www.geniecivil23.com\/wp-content\/uploads\/2021\/05\/2016-13x12.png 13w, https:\/\/www.geniecivil23.com\/wp-content\/uploads\/2021\/05\/2016-300x300.png 300w, https:\/\/www.geniecivil23.com\/wp-content\/uploads\/2021\/05\/2016-100x100.png 100w\" sizes=\"auto, (max-width: 150px) 100vw, 150px\" \/><\/div>\n\t\t<\/figure>\n\t<\/div>\n<h1 class='heading-middle  style-1' ><span>2016<\/span><\/h1>\n\t<div class=\"wpb_text_column wpb_content_element\" >\n\t\t<div class=\"wpb_wrapper\">\n\t\t\t<ul>\n<li><b>Installation fibre optique et maintenance du r\u00e9seau Emtel<\/b> <b>Fiber<\/b><b> Optic Network Maintenance Contract<\/b><\/li>\n<li><b>Installation fibre optique et maintenance du r\u00e9seau Emtel<\/b> <b>Fiber<\/b><b> Network Infrastructure upgrade and connections<br \/>\n<\/b><\/li>\n<li>Connection des sites telecoms<\/li>\n<li>Connection des abonn\u00e9s internet<\/li>\n<\/ul>\n\n\t\t<\/div>\n\t<\/div>\n<\/div><\/div><\/div><div class=\"wpb_column vc_column_container vc_col-sm-4\"><div class=\"vc_column-inner\"><div class=\"wpb_wrapper\">\n\t<div  class=\"wpb_single_image wpb_content_element vc_align_center wpb_content_element\">\n\t\t\n\t\t<figure class=\"wpb_wrapper vc_figure\">\n\t\t\t<div class=\"vc_single_image-wrapper   vc_box_border_grey\"><img loading=\"lazy\" decoding=\"async\" width=\"150\" height=\"150\" src=\"https:\/\/www.geniecivil23.com\/wp-content\/uploads\/2021\/05\/2017-150x150.png\" class=\"vc_single_image-img attachment-thumbnail\" alt=\"\" title=\"2017\" srcset=\"https:\/\/www.geniecivil23.com\/wp-content\/uploads\/2021\/05\/2017-150x150.png 150w, https:\/\/www.geniecivil23.com\/wp-content\/uploads\/2021\/05\/2017-13x12.png 13w, https:\/\/www.geniecivil23.com\/wp-content\/uploads\/2021\/05\/2017-300x300.png 300w, https:\/\/www.geniecivil23.com\/wp-content\/uploads\/2021\/05\/2017-100x100.png 100w\" sizes=\"auto, (max-width: 150px) 100vw, 150px\" \/><\/div>\n\t\t<\/figure>\n\t<\/div>\n<h1 class='heading-middle  style-1' ><span>2017<\/span><\/h1>\n\t<div class=\"wpb_text_column wpb_content_element\" >\n\t\t<div class=\"wpb_wrapper\">\n\t\t\t<ul>\n<li><b>Installation fibre optique et maintenance du r\u00e9seau Emtel<\/b> <b>Fiber<\/b><b> Optic Network Maintenance Contract<\/b><\/li>\n<li><b>Installation fibre optique et maintenance du r\u00e9seau Emtel<\/b> <b>Fiber<\/b><b> Network Infrastructure upgrade from Palma to <\/b><b>Baie<\/b> <b>Jacotet<\/b><\/li>\n<li><b>Connection des sites telecoms<\/b><\/li>\n<li><b>Connection des abonn\u00e9s internet<\/b><\/li>\n<\/ul>\n\n\t\t<\/div>\n\t<\/div>\n<\/div><\/div><\/div><\/div><div class=\"vc_row wpb_row vc_inner vc_row-fluid vc_custom_1610631925363\"><div class=\"wpb_column vc_column_container vc_col-sm-4\"><div class=\"vc_column-inner\"><div class=\"wpb_wrapper\">\n\t<div  class=\"wpb_single_image wpb_content_element vc_align_center wpb_content_element\">\n\t\t\n\t\t<figure class=\"wpb_wrapper vc_figure\">\n\t\t\t<div class=\"vc_single_image-wrapper   vc_box_border_grey\"><img loading=\"lazy\" decoding=\"async\" width=\"150\" height=\"150\" src=\"https:\/\/www.geniecivil23.com\/wp-content\/uploads\/2021\/05\/2018-150x150.png\" class=\"vc_single_image-img attachment-thumbnail\" alt=\"\" title=\"2018\" srcset=\"https:\/\/www.geniecivil23.com\/wp-content\/uploads\/2021\/05\/2018-150x150.png 150w, https:\/\/www.geniecivil23.com\/wp-content\/uploads\/2021\/05\/2018-13x12.png 13w, https:\/\/www.geniecivil23.com\/wp-content\/uploads\/2021\/05\/2018-300x300.png 300w, https:\/\/www.geniecivil23.com\/wp-content\/uploads\/2021\/05\/2018-100x100.png 100w\" sizes=\"auto, (max-width: 150px) 100vw, 150px\" \/><\/div>\n\t\t<\/figure>\n\t<\/div>\n<h1 class='heading-middle  style-1' ><span>2018<\/span><\/h1>\n\t<div class=\"wpb_text_column wpb_content_element\" >\n\t\t<div class=\"wpb_wrapper\">\n\t\t\t<ul>\n<li>Emtel Fiber Network Infrastructure Upgrade &#8211; Curepipe to Rose Belle<\/li>\n<li>Emtel Fiber Optic Network \u2013 Maintenance Contract<\/li>\n<li>Connection des sites telecoms<\/li>\n<li>Connection des abonn\u00e9s internet<\/li>\n<\/ul>\n\n\t\t<\/div>\n\t<\/div>\n<\/div><\/div><\/div><div class=\"wpb_column vc_column_container vc_col-sm-4\"><div class=\"vc_column-inner\"><div class=\"wpb_wrapper\">\n\t<div  class=\"wpb_single_image wpb_content_element vc_align_center wpb_content_element\">\n\t\t\n\t\t<figure class=\"wpb_wrapper vc_figure\">\n\t\t\t<div class=\"vc_single_image-wrapper   vc_box_border_grey\"><img loading=\"lazy\" decoding=\"async\" width=\"150\" height=\"150\" src=\"https:\/\/www.geniecivil23.com\/wp-content\/uploads\/2021\/05\/2019-150x150.png\" class=\"vc_single_image-img attachment-thumbnail\" alt=\"\" title=\"2019\" srcset=\"https:\/\/www.geniecivil23.com\/wp-content\/uploads\/2021\/05\/2019-150x150.png 150w, https:\/\/www.geniecivil23.com\/wp-content\/uploads\/2021\/05\/2019-13x12.png 13w, https:\/\/www.geniecivil23.com\/wp-content\/uploads\/2021\/05\/2019-300x300.png 300w, https:\/\/www.geniecivil23.com\/wp-content\/uploads\/2021\/05\/2019-100x100.png 100w\" sizes=\"auto, (max-width: 150px) 100vw, 150px\" \/><\/div>\n\t\t<\/figure>\n\t<\/div>\n<h1 class='heading-middle  style-1' ><span>2019<\/span><\/h1>\n\t<div class=\"wpb_text_column wpb_content_element\" >\n\t\t<div class=\"wpb_wrapper\">\n\t\t\t<ul>\n<li><b>Installation fibre optique et maintenance du r\u00e9seau Emtel<\/b> <b>Fiber<\/b><b> Network Infrastructure Upgrade<\/b>\n<ul>\n<li>Rose Belle to Baie Jacotet<\/li>\n<li>Arsenal to Poudre D\u2019Or<\/li>\n<\/ul>\n<\/li>\n<li><b>Inland route for METISS submarine cable<\/b><\/li>\n<li><b>Installation fibre optique et maintenance du r\u00e9seau Emtel<\/b> <b>Fiber<\/b><b> Optic Network \u2013 Maintenance Contract<\/b><\/li>\n<li><b>Connection des sites telecoms<\/b><\/li>\n<li><b>Connection des abonn\u00e9s internet<\/b><\/li>\n<\/ul>\n\n\t\t<\/div>\n\t<\/div>\n<\/div><\/div><\/div><div class=\"wpb_column vc_column_container vc_col-sm-4\"><div class=\"vc_column-inner\"><div class=\"wpb_wrapper\">\n\t<div  class=\"wpb_single_image wpb_content_element vc_align_center wpb_content_element\">\n\t\t\n\t\t<figure class=\"wpb_wrapper vc_figure\">\n\t\t\t<div class=\"vc_single_image-wrapper   vc_box_border_grey\"><img loading=\"lazy\" decoding=\"async\" width=\"150\" height=\"150\" src=\"https:\/\/www.geniecivil23.com\/wp-content\/uploads\/2021\/05\/2020-150x150.png\" class=\"vc_single_image-img attachment-thumbnail\" alt=\"\" title=\"2020\" srcset=\"https:\/\/www.geniecivil23.com\/wp-content\/uploads\/2021\/05\/2020-150x150.png 150w, https:\/\/www.geniecivil23.com\/wp-content\/uploads\/2021\/05\/2020-13x12.png 13w, https:\/\/www.geniecivil23.com\/wp-content\/uploads\/2021\/05\/2020-300x300.png 300w, https:\/\/www.geniecivil23.com\/wp-content\/uploads\/2021\/05\/2020-100x100.png 100w\" sizes=\"auto, (max-width: 150px) 100vw, 150px\" \/><\/div>\n\t\t<\/figure>\n\t<\/div>\n<h1 class='heading-middle  style-1' ><span>2020<\/span><\/h1>\n\t<div class=\"wpb_text_column wpb_content_element\" >\n\t\t<div class=\"wpb_wrapper\">\n\t\t\t<ul>\n<li>Emtel Fiber Network Infrastructure Upgrade<\/li>\n<li>Arsenal to Poudre D\u2019Or<\/li>\n<li>Installation of Sub Marine Cable METISS (landfall cable)<\/li>\n<li>Earth system installation for METISS Network at Le Goulet<\/li>\n<li>Emtel Network Maintenance Contract<\/li>\n<li>Connection des sites telecoms<\/li>\n<li>Connection des abonn\u00e9s internet<\/li>\n<\/ul>\n\n\t\t<\/div>\n\t<\/div>\n<\/div><\/div><\/div><\/div><\/div><\/div><\/div><\/div><div class=\"vc_row wpb_row vc_row-fluid\"><div class=\"wpb_column vc_column_container vc_col-sm-12\"><div class=\"vc_column-inner\"><div class=\"wpb_wrapper\"><\/div><\/div><\/div><\/div>\n<\/div>","protected":false},"excerpt":{"rendered":"Cable Blowing&gt;2000 KmMicro Trench&gt;300 kmFiber Maintenance&gt;7Years Exp.Site Connections&gt;500Major Projects 2009 Emtel fiber optic backbone Services (IRS Club Med Albion) Water Network for Private Sector (Morcellement Rey) Water Network for Public Sector - Central Water Authority (Mont Blanche-Sans Souci) 2010 Implementation...","protected":false},"author":1,"featured_media":0,"parent":0,"menu_order":0,"comment_status":"open","ping_status":"open","template":"","meta":{"footnotes":""},"class_list":["post-945","page","type-page","status-publish","hentry"],"_links":{"self":[{"href":"https:\/\/www.geniecivil23.com\/fr\/wp-json\/wp\/v2\/pages\/945","targetHints":{"allow":["GET"]}}],"collection":[{"href":"https:\/\/www.geniecivil23.com\/fr\/wp-json\/wp\/v2\/pages"}],"about":[{"href":"https:\/\/www.geniecivil23.com\/fr\/wp-json\/wp\/v2\/types\/page"}],"author":[{"embeddable":true,"href":"https:\/\/www.geniecivil23.com\/fr\/wp-json\/wp\/v2\/users\/1"}],"replies":[{"embeddable":true,"href":"https:\/\/www.geniecivil23.com\/fr\/wp-json\/wp\/v2\/comments?post=945"}],"version-history":[{"count":62,"href":"https:\/\/www.geniecivil23.com\/fr\/wp-json\/wp\/v2\/pages\/945\/revisions"}],"predecessor-version":[{"id":1389,"href":"https:\/\/www.geniecivil23.com\/fr\/wp-json\/wp\/v2\/pages\/945\/revisions\/1389"}],"wp:attachment":[{"href":"https:\/\/www.geniecivil23.com\/fr\/wp-json\/wp\/v2\/media?parent=945"}],"curies":[{"name":"wp","href":"https:\/\/api.w.org\/{rel}","templated":true}]}}