{"id":11,"date":"2014-11-11T11:14:05","date_gmt":"2014-11-11T11:14:05","guid":{"rendered":"http:\/\/anpsthemes.com\/constructo\/?page_id=11"},"modified":"2021-02-02T18:36:59","modified_gmt":"2021-02-02T18:36:59","slug":"about-us","status":"publish","type":"page","link":"https:\/\/www.geniecivil23.com\/fr\/about-us\/","title":{"rendered":"\u00c0 propos de nous"},"content":{"rendered":"<div class=\"wpb-content-wrapper\"><div class=\"vc_row wpb_row vc_row-fluid\"><div class=\"wpb_column vc_column_container vc_col-sm-12\"><div class=\"vc_column-inner\"><div class=\"wpb_wrapper\"><h1 class='heading-middle  style-1' ><span>\u00c0 propos de nous<\/span><\/h1><\/div><\/div><\/div><\/div><div class=\"vc_row wpb_row vc_row-fluid\"><div class=\"wpb_column vc_column_container vc_col-sm-6\"><div class=\"vc_column-inner vc_custom_1587201013397\"><div class=\"wpb_wrapper\">\n\t<div class=\"wpb_text_column wpb_content_element\" >\n\t\t<div class=\"wpb_wrapper\">\n\t\t\t<div class=\"page\" title=\"Page 2\">\n<div class=\"layoutArea\">\n<div class=\"column\">\n<p>Cr\u00e9\u00e9e en 2008, G.C Vingt Trois Ltd est une soci\u00e9t\u00e9 priv\u00e9e sp\u00e9cialis\u00e9 en g\u00e9nie civile bas\u00e9e \u00e0  l\u2019ile Maurice.<\/p>\n<p>Notre directeur et nos chefs de projet qualifi\u00e9s (30 ans d\u2019exp\u00e9rience dans le TIC), nous ont permis d\u2019\u00eatre le pionnier dans l\u2019introduction du \u2019micro-trenching\u2019 \u00e0 Maurice.<\/p>\n<p>Garder nos clients au centre de nos pr\u00e9occupations nous a aid\u00e9s \u00e0 nous b\u00e2tir une r\u00e9putation de services de qualit\u00e9s et de main-d'\u0153uvre exp\u00e9riment\u00e9s.<\/p>\n<p>Nous sommes fiers de dire que notre performance et notre engagement \u00e0 honorer les contrats ont fait de nous l'un des meilleurs installateurs de r\u00e9seaux de fibre optique \u00e0 Maurice.<\/p>\n<\/div>\n<\/div>\n<\/div>\n\n\t\t<\/div>\n\t<\/div>\n<\/div><\/div><\/div><div class=\"wpb_column vc_column_container vc_col-sm-6\"><div class=\"vc_column-inner vc_custom_1610627658200\"><div class=\"wpb_wrapper\">\n\t<div class=\"wpb_text_column wpb_content_element\" >\n\t\t<div class=\"wpb_wrapper\">\n\t\t\t<p><strong>Avec maintenant plus de 10 ans d'exp\u00e9rience dans le secteur des t\u00e9l\u00e9communications nous offrons \u00e0 nos clients sur le march\u00e9 local et international les services suivant : <\/strong><\/p>\n<ul>\n<li><strong>Etudes de faisabilit\u00e9s<\/strong><\/li>\n<li><strong>R\u00e9alisation des plans<\/strong><\/li>\n<li><strong>Demande de permis<\/strong><\/li>\n<li><strong>Construction de r\u00e9seau<\/strong><\/li>\n<li><strong>Fournitures, pose et installation, tests et mise en service<\/strong><\/li>\n<li><strong>Interventions d\u2019urgence<\/strong><\/li>\n<\/ul>\n<p>&nbsp;<\/p>\n<p>Nous privil\u00e9gions les relations clients \u00e0 long terme ; recherchons toujours des solutions pour ajuster nos op\u00e9rations rapidement et efficacement afin de r\u00e9pondre aux exigences de nos clients.<\/p>\n<p>G.C Vingt Trois ltd est votre solution cl\u00e9 en main pour votre r\u00e9seau.<\/p>\n\n\t\t<\/div>\n\t<\/div>\n<\/div><\/div><\/div><\/div><div class=\"vc_row wpb_row vc_row-fluid vc_custom_1612287508922\"><div class=\"wpb_column vc_column_container vc_col-sm-12\"><div class=\"vc_column-inner\"><div class=\"wpb_wrapper\">\n\t<div class=\"wpb_text_column wpb_content_element\" >\n\t\t<div class=\"wpb_wrapper\">\n\t\t\t<h1 style=\"text-align: center;\"><strong>Nous valorisons l'innovation et attendons de nouveaux d\u00e9fis.<\/strong><\/h1>\n\n\t\t<\/div>\n\t<\/div>\n<\/div><\/div><\/div><\/div><div class=\"vc_row wpb_row vc_row-fluid vc_custom_1587201283065\"><div class=\"wpb_column vc_column_container vc_col-sm-12\"><div class=\"vc_column-inner\"><div class=\"wpb_wrapper\"><h1 class='heading-middle  style-1' ><span>Nos Missions<\/span><\/h1><div class=\"vc_row wpb_row vc_inner vc_row-fluid\"><div class=\"wpb_column vc_column_container vc_col-sm-12\"><div class=\"vc_column-inner\"><div class=\"wpb_wrapper\"><h3 class='heading-middle  divider-sm' ><span>Innover<\/span><\/h3><h3 class='heading-middle  divider-sm' ><span>Cr\u00e9er et  impl\u00e9menter vos projets<\/span><\/h3><h3 class='heading-middle  divider-sm' ><span>Professionnalisme et efficacit\u00e9<\/span><\/h3><\/div><\/div><\/div><\/div><\/div><\/div><\/div><\/div><div class=\"vc_row wpb_row vc_row-fluid vc_custom_1587201312653\"><div class=\"wpb_column vc_column_container vc_col-sm-12\"><div class=\"vc_column-inner\"><div class=\"wpb_wrapper\"><h1 class='heading-middle  style-1' ><span>Nos valeurs<\/span><\/h1><div class=\"vc_row wpb_row vc_inner vc_row-fluid\"><div class=\"wpb_column vc_column_container vc_col-sm-12\"><div class=\"vc_column-inner\"><div class=\"wpb_wrapper\"><h3 class='heading-middle  divider-sm' ><span>Fiabilit\u00e9<\/span><\/h3><h3 class='heading-middle  divider-sm' ><span>Encourager l'esprit et le travail d'\u00e9quipe<\/span><\/h3><h3 class='heading-middle  divider-sm' ><span>Engagement<\/span><\/h3><\/div><\/div><\/div><\/div><\/div><\/div><\/div><\/div>\n<\/div>","protected":false},"excerpt":{"rendered":"About us Created in 2008, G.C Vingt Trois Ltd is a private company specialised in Civil Engineering in Mauritius. Our Director and skilled project managers of 30 years\u2019 experience, helped us be the pioneer in the introduction of micro- trenching...","protected":false},"author":1,"featured_media":0,"parent":0,"menu_order":0,"comment_status":"open","ping_status":"open","template":"","meta":{"footnotes":""},"class_list":["post-11","page","type-page","status-publish","hentry"],"_links":{"self":[{"href":"https:\/\/www.geniecivil23.com\/fr\/wp-json\/wp\/v2\/pages\/11","targetHints":{"allow":["GET"]}}],"collection":[{"href":"https:\/\/www.geniecivil23.com\/fr\/wp-json\/wp\/v2\/pages"}],"about":[{"href":"https:\/\/www.geniecivil23.com\/fr\/wp-json\/wp\/v2\/types\/page"}],"author":[{"embeddable":true,"href":"https:\/\/www.geniecivil23.com\/fr\/wp-json\/wp\/v2\/users\/1"}],"replies":[{"embeddable":true,"href":"https:\/\/www.geniecivil23.com\/fr\/wp-json\/wp\/v2\/comments?post=11"}],"version-history":[{"count":24,"href":"https:\/\/www.geniecivil23.com\/fr\/wp-json\/wp\/v2\/pages\/11\/revisions"}],"predecessor-version":[{"id":1299,"href":"https:\/\/www.geniecivil23.com\/fr\/wp-json\/wp\/v2\/pages\/11\/revisions\/1299"}],"wp:attachment":[{"href":"https:\/\/www.geniecivil23.com\/fr\/wp-json\/wp\/v2\/media?parent=11"}],"curies":[{"name":"wp","href":"https:\/\/api.w.org\/{rel}","templated":true}]}}